{"id":3,"date":"2022-05-06T16:48:08","date_gmt":"2022-05-06T16:48:08","guid":{"rendered":"https:\/\/santinhofuneraria.pt\/?page_id=3"},"modified":"2022-06-09T10:14:14","modified_gmt":"2022-06-09T10:14:14","slug":"politica-privacidade","status":"publish","type":"page","link":"https:\/\/santinhofuneraria.pt\/?page_id=3","title":{"rendered":"Pol\u00edtica de privacidade"},"content":{"rendered":"<div class=\"fusion-fullwidth fullwidth-box fusion-builder-row-1 fusion-flex-container nonhundred-percent-fullwidth non-hundred-percent-height-scrolling\" style=\"background-color: rgba(255,255,255,0);background-position: center center;background-repeat: no-repeat;border-width: 0px 0px 0px 0px;border-color:var(--awb-color4);border-style:solid;\" ><div class=\"fusion-builder-row fusion-row fusion-flex-align-items-flex-start\" style=\"max-width:1365px;margin-left: calc(-5% \/ 2 );margin-right: calc(-5% \/ 2 );\"><div class=\"fusion-layout-column fusion_builder_column fusion-builder-column-0 fusion_builder_column_1_1 1_1 fusion-flex-column\"><div class=\"fusion-column-wrapper fusion-flex-justify-content-flex-start fusion-content-layout-column\" style=\"background-position:left top;background-repeat:no-repeat;-webkit-background-size:cover;-moz-background-size:cover;-o-background-size:cover;background-size:cover;padding: 0px 0px 0px 0px;\"><div class=\"fusion-text fusion-text-1\"><h2 class=\"wp-block-heading\">Pol\u00edtica de Privacidade<\/h2>\n<p>A presente Pol\u00edtica cont\u00e9m as regras aplic\u00e1veis \u00e0 recolha e ao tratamento de dados pessoais por parte da Ag\u00eancia Funer\u00e1ria Santinho, nomeadamente, do seu site http:s\/\/funerariasantinho.pt. Estas regras n\u00e3o substituem quaisquer cl\u00e1usulas que sejam objeto de acordo espec\u00edfico com qualquer cliente, parceiro e\/ou fornecedor. Nesse caso, a presente pol\u00edtica poder\u00e1 completar tais documentos, mas n\u00e3o substitu\u00ed-los. Titular e\/ou Cliente e\/ou Utilizador s\u00e3o termos utilizados indistintamente na presente Pol\u00edtica para designar o titular dos dados pessoais. Ao fornecer \u00e0 Funer\u00e1ria Domingues, os seus dados pessoais, o titular toma conhecimento e declara que:<\/p>\n<ul>\n<li>\u00c9 maior de idade;<\/li>\n<li>Autoriza a recolha, tratamento e processamento dos dados pessoais nos termos aqui descritos.<\/li>\n<\/ul>\n<p><strong>a) Identifica\u00e7\u00e3o da entidade respons\u00e1vel pelo tratamento de dados<\/strong><br \/>Manuel Ant\u00f3nio Mesquita Santinho, Lda. , com sede na Rua da Horta da Fonte 1, 5430-452 Valpa\u00e7os, registada com o NIF 505 938 545.<\/p>\n<p><strong>b) Propriedade Intelectual<\/strong><\/p>\n<p>Os conte\u00fados deste s\u00edtio web, ou seja, toda a informa\u00e7\u00e3o dispon\u00edvel, nomeadamente, texto, log\u00f3tipos, \u00edcones, imagens, gr\u00e1ficos, v\u00eddeos, sons e fotografias s\u00e3o propriedade da Funer\u00e1ria Santinho. Os conte\u00fados encontram-se protegidos pelos direitos de autor, ao abrigo das leis portuguesas e da Uni\u00e3o Europeia. A reprodu\u00e7\u00e3o e distribui\u00e7\u00e3o, total ou parcial, de qualquer material contido neste website, incluindo o seu enquadramento, meios an\u00e1logos de reprodu\u00e7\u00e3o e armazenamento digital s\u00e3o expressamente proibidos na aus\u00eancia de autoriza\u00e7\u00e3o por escrito da presente empresa. A esta condi\u00e7\u00e3o excluem-se as exce\u00e7\u00f5es permitidas por lei. Caso haja material que tenha sido publicado de forma n\u00e3o intencional e que esteja sujeita a direitos de autor, ou em viola\u00e7\u00e3o da lei, pedimos aos respetivos utilizadores que o comuniquem \u00e0 Funer\u00e1ria Santinho para assim ser imediatamente removido. Para tal, entre em contacto para\u00a0 geral@santinhofuneraria.pt.<\/p>\n<p>As informa\u00e7\u00f5es contidas nesse mesmo website podem conter imprecis\u00f5es t\u00e9cnicas, omiss\u00f5es ou erros tipogr\u00e1ficos, podendo, portanto, estar sujeitas a altera\u00e7\u00f5es ou a atualiza\u00e7\u00f5es sem aviso pr\u00e9vio. \u00c0 mesma reserva-se o direito de fazer altera\u00e7\u00f5es e\/ou melhorias sem aviso pr\u00e9vio a estes conte\u00fados, bem como aos servi\u00e7os\/produtos descritos neste website.<\/p>\n<p><strong>c) Finalidade da recolha de dados pessoais<\/strong><\/p>\n<p>A Funer\u00e1ria Santinho presta servi\u00e7os na \u00e1rea das atividades funer\u00e1rias e conexas. Para tal, esta necessita de recolher dados pessoais para as seguintes finalidades:<\/p>\n<p>Exemplos:<\/p>\n<ul>\n<li>Enviar ao Cliente informa\u00e7\u00e3o de marketing, incluindo o envio de newsletter a quem a tenha solicitado, desde que este tenha dado o seu consentimento e n\u00e3o tenha recusado a utiliza\u00e7\u00e3o das suas coordenadas para essa finalidade;<\/li>\n<li>Contactar o Utilizador que tenha preenchido e enviado um formul\u00e1rio, desde que o mesmo tenha dado o seu consentimento para ser contactado;<\/li>\n<li>Elabora\u00e7\u00e3o de estat\u00edsticas que permitam perceber como a Funer\u00e1ria Santinho poder\u00e1 melhorar o n\u00edvel de servi\u00e7os que presta e, dessa forma, corresponder mais eficazmente \u00e0s expectativas dos utilizadores.<\/li>\n<li>Os dados pessoais recolhidos s\u00e3o necess\u00e1rios nos processos de encomenda e de entrega da mercadoria.<\/li>\n<\/ul>\n<p><strong>d) Dados que ser\u00e3o recolhidos <\/strong><\/p>\n<p>A Funer\u00e1ria Santinho recolher\u00e1 nome, email e telefone, atrav\u00e9s do preenchimento dos formul\u00e1rios disponibilizados nas diversas \u00e1reas do site, ou atrav\u00e9s de email. A informa\u00e7\u00e3o assinalada nos formul\u00e1rios com um * \u00e9 de preenchimento obrigat\u00f3rio. A n\u00e3o presta\u00e7\u00e3o de informa\u00e7\u00e3o assinalada como obrigat\u00f3ria resultar\u00e1 na impossibilidade de an\u00e1lise da informa\u00e7\u00e3o e\/ou na impossibilidade da presta\u00e7\u00e3o dos servi\u00e7os solicitados, consoante aplic\u00e1vel.<\/p>\n<p>Recolha de dados em rede aberta: alerta-se o utilizador para o facto de que a informa\u00e7\u00e3o recolhida\/enviada em redes abertas pode circular na rede sem condi\u00e7\u00f5es de seguran\u00e7a, existindo o risco de ser vista e utilizada por terceiros n\u00e3o autorizados. Assim, aconselhamos que adote medidas adicionais, quando usar a internet para efeitos de transmiss\u00e3o dos seus dados pessoais, tais como a encripta\u00e7\u00e3o, a utiliza\u00e7\u00e3o de firewall, antiv\u00edrus atualizados, entre outros.<\/p>\n<p><strong>e) Direito de acesso e direito de retifica\u00e7\u00e3o e portabilidade dos seus dados pessoais<\/strong><\/p>\n<ul>\n<li>O titular dos dados tem direito de acesso, de retifica\u00e7\u00e3o, de portabilidade e de elimina\u00e7\u00e3o, a qualquer momento, dos seus dados pessoais.<\/li>\n<li>O titular dos dados pode exercer qualquer um destes direitos por escrito, atrav\u00e9s do seguinte email: geral@santinhofuneraria.pt.<\/li>\n<\/ul>\n<p>&nbsp;<\/p>\n<p><strong>f) Transfer\u00eancia de dados para fora da Uni\u00e3o Europeia<\/strong><\/p>\n<p>Os dados recolhidos pelo website n\u00e3o s\u00e3o transferidos para fora da Uni\u00e3o Europeia, excetuando-se se o utilizador estiver fora da Uni\u00e3o Europeia. Alguns processadores de dados terceiros n\u00e3o operam na Uni\u00e3o Europeia, sendo necess\u00e1ria a leitura das suas pol\u00edticas de privacidade.<\/p>\n<p><strong>g) Utiliza\u00e7\u00e3o internacional<\/strong><\/p>\n<p>Se o Utilizador estiver fora de Portugal, informamos que os dados est\u00e3o alojados num servidor localizado na Uni\u00e3o Europeia, aplicando-se as regras de prote\u00e7\u00e3o de dados que poder\u00e3o ser diferentes das aplic\u00e1veis no seu pa\u00eds de origem, ainda que dentro da Uni\u00e3o Europeia.<\/p>\n<p><strong>h) Hiperliga\u00e7\u00f5es (Links)<\/strong><\/p>\n<p>O site da Funer\u00e1ria Santinho cont\u00e9m hiperliga\u00e7\u00f5es (links) para outros s\u00edtios eletr\u00f3nicos (sites). A Funer\u00e1ria Santinho n\u00e3o se responsabiliza pelas pol\u00edticas de privacidade desses mesmos s\u00edtios eletr\u00f3nicos. Recomenda-se aos utilizadores do site\u00a0 que, quando acederem a outros s\u00edtios eletr\u00f3nicos, consultem as p\u00e1ginas que, dentro desses sites, se refiram \u00e0s suas pol\u00edticas de privacidade. Este texto refere-se apenas \u00e0 pol\u00edtica de privacidade aplic\u00e1vel ao site da Funer\u00e1ria Santinho.<\/p>\n<p><strong>i) Rastreamento de visitas ao site<\/strong><\/p>\n<p>O site da Funer\u00e1ria Santinho usa o Google Analytics (GA) para rastrear a intera\u00e7\u00e3o do Utilizador no site. A informa\u00e7\u00e3o recolhida \u00e9 usada para determinar o n\u00famero de utilizadores que acedem ao site. A Funer\u00e1ria Santinho utiliza essa informa\u00e7\u00e3o para melhor entender como os utilizadores encontraram e utilizam as p\u00e1ginas web.<\/p>\n<p>O GA recolhe informa\u00e7\u00f5es relativamente \u00e0 localiza\u00e7\u00e3o geogr\u00e1fica, dispositivo, navegador da internet e sistema operativo, contudo, nenhuma informa\u00e7\u00e3o identifica pessoalmente o Utilizador. O GA tamb\u00e9m recolhe o endere\u00e7o IP para identificar pessoalmente o utilizador, mas a Google n\u00e3o concede o acesso a essa informa\u00e7\u00e3o. A Funer\u00e1ria Santinho considera a Google como sendo um processador de dados terceiro.<\/p>\n<p>O GA usa cookies. Detalhes sobre a forma como estes s\u00e3o processados podem ser encontrados no <a href=\"https:\/\/developers.google.com\/analytics\/devguides\/collection\/analyticsjs\/cookie-usage\">guia do desenvolvedor da Google<\/a>.<\/p>\n<p>Desativar os cookies no navegador de internet ir\u00e1 impedir o Google de rastrear qualquer parte da visita \u00e0s p\u00e1ginas dentro deste site.<br \/><strong><br \/>j) Seguran\u00e7a dos dados<\/strong><br \/>Sempre que seja recolhida ou utilizada informa\u00e7\u00e3o sens\u00edvel, os dados ser\u00e3o encriptados atrav\u00e9s de SSL (Security Sockets Layer).<\/p>\n<p>Gra\u00e7as ao protocolo SSL, que protege a transmiss\u00e3o de todos os dados sens\u00edveis pela Internet, toda a informa\u00e7\u00e3o \u00e9 tratada com o m\u00e1ximo de seguran\u00e7a. A sua privacidade \u00e9 assegurada e o risco de interce\u00e7\u00e3o de dados durante a comunica\u00e7\u00e3o \u00e9 completamente anulado.<br \/>Se tiver alguma quest\u00e3o a colocar sobre a seguran\u00e7a e privacidade que a Funer\u00e1ria Santinho lhe garante, entre em contacto para geral@santinhofuneraria.pt.<\/p>\n<p><strong>l) Processadores de dados terceiros<\/strong><\/p>\n<p>A Funer\u00e1ria Santinho conta com um n\u00famero de entidades terceiras para processar informa\u00e7\u00f5es pessoais. As entidades foram escolhidas cuidadosamente.<\/p>\n<ul>\n<li>Google (<a href=\"https:\/\/www.google.com\/intl\/pt-PT\/policies\/privacy\/\">Pol\u00edtica de privacidade<\/a>)<\/li>\n<\/ul>\n<p><strong>n) Contactos<\/strong><strong>\u00a0<\/strong><\/p>\n<p>O Respons\u00e1vel pelo Tratamento deste website \u00e9 a Funer\u00e1ria Santinho e o mesmo pode ser contatado atrav\u00e9s email geral@santinhofuneraria.pt<\/p>\n<p><strong>o) Altera\u00e7\u00f5es a este comunicado de privacidade<\/strong><\/p>\n<p>As nossas pol\u00edticas de privacidade s\u00e3o revistas regularmente e todas as altera\u00e7\u00f5es ser\u00e3o publicadas neste website.<\/p>\n<\/div><\/div><style type=\"text\/css\">.fusion-body .fusion-builder-column-0{width:100% !important;margin-top : 0px;margin-bottom : 0px;}.fusion-builder-column-0 > .fusion-column-wrapper {padding-top : 0px !important;padding-right : 0px !important;margin-right : 2.375%;padding-bottom : 0px !important;padding-left : 0px !important;margin-left : 2.375%;}@media only screen and (max-width:1177px) {.fusion-body .fusion-builder-column-0{width:100% !important;}.fusion-builder-column-0 > .fusion-column-wrapper {margin-right : 2.375%;margin-left : 2.375%;}}@media only screen and (max-width:700px) {.fusion-body .fusion-builder-column-0{width:100% !important;}.fusion-builder-column-0 > .fusion-column-wrapper {margin-right : 2.375%;margin-left : 2.375%;}}<\/style><\/div><\/div><style type=\"text\/css\">.fusion-body .fusion-flex-container.fusion-builder-row-1{ padding-top : 0px;margin-top : 0px;padding-right : 0px;padding-bottom : 0px;margin-bottom : 0px;padding-left : 0px;}<\/style><\/div>","protected":false},"excerpt":{"rendered":"","protected":false},"author":1,"featured_media":0,"parent":0,"menu_order":0,"comment_status":"closed","ping_status":"open","template":"","meta":{"content-type":"","footnotes":""},"class_list":["post-3","page","type-page","status-publish","hentry"],"acf":[],"yoast_head":"<!-- This site is optimized with the Yoast SEO plugin v20.1 - https:\/\/yoast.com\/wordpress\/plugins\/seo\/ -->\n<title>Pol\u00edtica de privacidade - Santinho<\/title>\n<meta name=\"robots\" content=\"index, follow, max-snippet:-1, max-image-preview:large, max-video-preview:-1\" \/>\n<link rel=\"canonical\" href=\"https:\/\/santinhofuneraria.pt\/?page_id=3\" \/>\n<meta property=\"og:locale\" content=\"pt_PT\" \/>\n<meta property=\"og:type\" content=\"article\" \/>\n<meta property=\"og:title\" content=\"Pol\u00edtica de privacidade - Santinho\" \/>\n<meta property=\"og:url\" content=\"https:\/\/santinhofuneraria.pt\/?page_id=3\" \/>\n<meta property=\"og:site_name\" content=\"Santinho\" \/>\n<meta property=\"article:publisher\" content=\"https:\/\/www.facebook.com\/funerariasantinho\" \/>\n<meta property=\"article:modified_time\" content=\"2022-06-09T10:14:14+00:00\" \/>\n<meta name=\"twitter:card\" content=\"summary_large_image\" \/>\n<meta name=\"twitter:label1\" content=\"Tempo estimado de leitura\" \/>\n\t<meta name=\"twitter:data1\" content=\"8 minutos\" \/>\n<script type=\"application\/ld+json\" class=\"yoast-schema-graph\">{\"@context\":\"https:\/\/schema.org\",\"@graph\":[{\"@type\":\"WebPage\",\"@id\":\"https:\/\/santinhofuneraria.pt\/?page_id=3\",\"url\":\"https:\/\/santinhofuneraria.pt\/?page_id=3\",\"name\":\"Pol\u00edtica de privacidade - Santinho\",\"isPartOf\":{\"@id\":\"https:\/\/santinhofuneraria.pt\/#website\"},\"datePublished\":\"2022-05-06T16:48:08+00:00\",\"dateModified\":\"2022-06-09T10:14:14+00:00\",\"breadcrumb\":{\"@id\":\"https:\/\/santinhofuneraria.pt\/?page_id=3#breadcrumb\"},\"inLanguage\":\"pt-PT\",\"potentialAction\":[{\"@type\":\"ReadAction\",\"target\":[\"https:\/\/santinhofuneraria.pt\/?page_id=3\"]}]},{\"@type\":\"BreadcrumbList\",\"@id\":\"https:\/\/santinhofuneraria.pt\/?page_id=3#breadcrumb\",\"itemListElement\":[{\"@type\":\"ListItem\",\"position\":1,\"name\":\"In\u00edcio\",\"item\":\"https:\/\/santinhofuneraria.pt\/\"},{\"@type\":\"ListItem\",\"position\":2,\"name\":\"Pol\u00edtica de privacidade\"}]},{\"@type\":\"WebSite\",\"@id\":\"https:\/\/santinhofuneraria.pt\/#website\",\"url\":\"https:\/\/santinhofuneraria.pt\/\",\"name\":\"Santinho\",\"description\":\"Ag\u00eancia Funer\u00e1ria em Valpa\u00e7os\",\"publisher\":{\"@id\":\"https:\/\/santinhofuneraria.pt\/#organization\"},\"potentialAction\":[{\"@type\":\"SearchAction\",\"target\":{\"@type\":\"EntryPoint\",\"urlTemplate\":\"https:\/\/santinhofuneraria.pt\/?s={search_term_string}\"},\"query-input\":\"required name=search_term_string\"}],\"inLanguage\":\"pt-PT\"},{\"@type\":\"Organization\",\"@id\":\"https:\/\/santinhofuneraria.pt\/#organization\",\"name\":\"Ag\u00eancia Funer\u00e1ria Santinho - Valpa\u00e7os\",\"url\":\"https:\/\/santinhofuneraria.pt\/\",\"logo\":{\"@type\":\"ImageObject\",\"inLanguage\":\"pt-PT\",\"@id\":\"https:\/\/santinhofuneraria.pt\/#\/schema\/logo\/image\/\",\"url\":\"https:\/\/santinhofuneraria.pt\/wp-content\/uploads\/2022\/06\/Artboard-1.png\",\"contentUrl\":\"https:\/\/santinhofuneraria.pt\/wp-content\/uploads\/2022\/06\/Artboard-1.png\",\"width\":1080,\"height\":1080,\"caption\":\"Ag\u00eancia Funer\u00e1ria Santinho - Valpa\u00e7os\"},\"image\":{\"@id\":\"https:\/\/santinhofuneraria.pt\/#\/schema\/logo\/image\/\"},\"sameAs\":[\"https:\/\/www.facebook.com\/funerariasantinho\"]}]}<\/script>\n<!-- \/ Yoast SEO plugin. -->","yoast_head_json":{"title":"Pol\u00edtica de privacidade - Santinho","robots":{"index":"index","follow":"follow","max-snippet":"max-snippet:-1","max-image-preview":"max-image-preview:large","max-video-preview":"max-video-preview:-1"},"canonical":"https:\/\/santinhofuneraria.pt\/?page_id=3","og_locale":"pt_PT","og_type":"article","og_title":"Pol\u00edtica de privacidade - Santinho","og_url":"https:\/\/santinhofuneraria.pt\/?page_id=3","og_site_name":"Santinho","article_publisher":"https:\/\/www.facebook.com\/funerariasantinho","article_modified_time":"2022-06-09T10:14:14+00:00","twitter_card":"summary_large_image","twitter_misc":{"Tempo estimado de leitura":"8 minutos"},"schema":{"@context":"https:\/\/schema.org","@graph":[{"@type":"WebPage","@id":"https:\/\/santinhofuneraria.pt\/?page_id=3","url":"https:\/\/santinhofuneraria.pt\/?page_id=3","name":"Pol\u00edtica de privacidade - Santinho","isPartOf":{"@id":"https:\/\/santinhofuneraria.pt\/#website"},"datePublished":"2022-05-06T16:48:08+00:00","dateModified":"2022-06-09T10:14:14+00:00","breadcrumb":{"@id":"https:\/\/santinhofuneraria.pt\/?page_id=3#breadcrumb"},"inLanguage":"pt-PT","potentialAction":[{"@type":"ReadAction","target":["https:\/\/santinhofuneraria.pt\/?page_id=3"]}]},{"@type":"BreadcrumbList","@id":"https:\/\/santinhofuneraria.pt\/?page_id=3#breadcrumb","itemListElement":[{"@type":"ListItem","position":1,"name":"In\u00edcio","item":"https:\/\/santinhofuneraria.pt\/"},{"@type":"ListItem","position":2,"name":"Pol\u00edtica de privacidade"}]},{"@type":"WebSite","@id":"https:\/\/santinhofuneraria.pt\/#website","url":"https:\/\/santinhofuneraria.pt\/","name":"Santinho","description":"Ag\u00eancia Funer\u00e1ria em Valpa\u00e7os","publisher":{"@id":"https:\/\/santinhofuneraria.pt\/#organization"},"potentialAction":[{"@type":"SearchAction","target":{"@type":"EntryPoint","urlTemplate":"https:\/\/santinhofuneraria.pt\/?s={search_term_string}"},"query-input":"required name=search_term_string"}],"inLanguage":"pt-PT"},{"@type":"Organization","@id":"https:\/\/santinhofuneraria.pt\/#organization","name":"Ag\u00eancia Funer\u00e1ria Santinho - Valpa\u00e7os","url":"https:\/\/santinhofuneraria.pt\/","logo":{"@type":"ImageObject","inLanguage":"pt-PT","@id":"https:\/\/santinhofuneraria.pt\/#\/schema\/logo\/image\/","url":"https:\/\/santinhofuneraria.pt\/wp-content\/uploads\/2022\/06\/Artboard-1.png","contentUrl":"https:\/\/santinhofuneraria.pt\/wp-content\/uploads\/2022\/06\/Artboard-1.png","width":1080,"height":1080,"caption":"Ag\u00eancia Funer\u00e1ria Santinho - Valpa\u00e7os"},"image":{"@id":"https:\/\/santinhofuneraria.pt\/#\/schema\/logo\/image\/"},"sameAs":["https:\/\/www.facebook.com\/funerariasantinho"]}]}},"_links":{"self":[{"href":"https:\/\/santinhofuneraria.pt\/index.php?rest_route=\/wp\/v2\/pages\/3","targetHints":{"allow":["GET"]}}],"collection":[{"href":"https:\/\/santinhofuneraria.pt\/index.php?rest_route=\/wp\/v2\/pages"}],"about":[{"href":"https:\/\/santinhofuneraria.pt\/index.php?rest_route=\/wp\/v2\/types\/page"}],"author":[{"embeddable":true,"href":"https:\/\/santinhofuneraria.pt\/index.php?rest_route=\/wp\/v2\/users\/1"}],"replies":[{"embeddable":true,"href":"https:\/\/santinhofuneraria.pt\/index.php?rest_route=%2Fwp%2Fv2%2Fcomments&post=3"}],"version-history":[{"count":5,"href":"https:\/\/santinhofuneraria.pt\/index.php?rest_route=\/wp\/v2\/pages\/3\/revisions"}],"predecessor-version":[{"id":2187,"href":"https:\/\/santinhofuneraria.pt\/index.php?rest_route=\/wp\/v2\/pages\/3\/revisions\/2187"}],"wp:attachment":[{"href":"https:\/\/santinhofuneraria.pt\/index.php?rest_route=%2Fwp%2Fv2%2Fmedia&parent=3"}],"curies":[{"name":"wp","href":"https:\/\/api.w.org\/{rel}","templated":true}]}}